{"id":111674,"date":"2026-03-22T21:38:56","date_gmt":"2026-03-23T01:38:56","guid":{"rendered":"https:\/\/journeequebecoisedusteame.com\/?post_type=product&#038;p=111674"},"modified":"2026-04-03T18:42:20","modified_gmt":"2026-04-03T22:42:20","slug":"promouvoir-1-mois","status":"publish","type":"product","link":"https:\/\/journeequebecoisedusteame.com\/en\/product\/promouvoir-1-mois\/","title":{"rendered":"Promouvoir &#8211; 1 mois \ud83d\udce2"},"content":{"rendered":"","protected":false},"excerpt":{"rendered":"","protected":false},"featured_media":0,"template":"","meta":[],"product_brand":[],"product_cat":[22],"product_tag":[],"class_list":{"0":"post-111674","1":"product","2":"type-product","3":"status-publish","5":"product_cat-category","7":"first","8":"instock","9":"virtual","10":"taxable","11":"purchasable","12":"product-type-promotion_package"},"yoast_head":"<!-- This site is optimized with the Yoast SEO plugin v27.5 - https:\/\/yoast.com\/product\/yoast-seo-wordpress\/ -->\n<title>Promouvoir - 1 mois \ud83d\udce2 - Journ\u00e9e qu\u00e9becoise du steam\u00e9<\/title>\n<meta name=\"robots\" content=\"noindex, follow\" \/>\n<meta property=\"og:locale\" content=\"en_US\" \/>\n<meta property=\"og:type\" content=\"article\" \/>\n<meta property=\"og:title\" content=\"Promouvoir - 1 mois \ud83d\udce2 - Journ\u00e9e qu\u00e9becoise du steam\u00e9\" \/>\n<meta property=\"og:url\" content=\"https:\/\/journeequebecoisedusteame.com\/en\/product\/promouvoir-1-mois\/\" \/>\n<meta property=\"og:site_name\" content=\"Journ\u00e9e qu\u00e9becoise du steam\u00e9\" \/>\n<meta property=\"article:modified_time\" content=\"2026-04-03T22:42:20+00:00\" \/>\n<meta name=\"twitter:card\" content=\"summary_large_image\" \/>\n<script type=\"application\/ld+json\" class=\"yoast-schema-graph\">{\"@context\":\"https:\\\/\\\/schema.org\",\"@graph\":[{\"@type\":\"WebPage\",\"@id\":\"https:\\\/\\\/journeequebecoisedusteame.com\\\/product\\\/promouvoir-1-mois\\\/\",\"url\":\"https:\\\/\\\/journeequebecoisedusteame.com\\\/product\\\/promouvoir-1-mois\\\/\",\"name\":\"Promouvoir - 1 mois \ud83d\udce2 - Journ\u00e9e qu\u00e9becoise du steam\u00e9\",\"isPartOf\":{\"@id\":\"https:\\\/\\\/journeequebecoisedusteame.com\\\/#website\"},\"datePublished\":\"2026-03-23T01:38:56+00:00\",\"dateModified\":\"2026-04-03T22:42:20+00:00\",\"breadcrumb\":{\"@id\":\"https:\\\/\\\/journeequebecoisedusteame.com\\\/product\\\/promouvoir-1-mois\\\/#breadcrumb\"},\"inLanguage\":\"en-CA\",\"potentialAction\":[{\"@type\":\"ReadAction\",\"target\":[\"https:\\\/\\\/journeequebecoisedusteame.com\\\/product\\\/promouvoir-1-mois\\\/\"]}]},{\"@type\":\"BreadcrumbList\",\"@id\":\"https:\\\/\\\/journeequebecoisedusteame.com\\\/product\\\/promouvoir-1-mois\\\/#breadcrumb\",\"itemListElement\":[{\"@type\":\"ListItem\",\"position\":1,\"name\":\"Home\",\"item\":\"https:\\\/\\\/journeequebecoisedusteame.com\\\/\"},{\"@type\":\"ListItem\",\"position\":2,\"name\":\"Boutique\",\"item\":\"https:\\\/\\\/journeequebecoisedusteame.com\\\/boutique\\\/\"},{\"@type\":\"ListItem\",\"position\":3,\"name\":\"Promouvoir &#8211; 1 mois \ud83d\udce2\"}]},{\"@type\":\"WebSite\",\"@id\":\"https:\\\/\\\/journeequebecoisedusteame.com\\\/#website\",\"url\":\"https:\\\/\\\/journeequebecoisedusteame.com\\\/\",\"name\":\"Journ\u00e9e qu\u00e9b\u00e9coise du steam\u00e9\",\"description\":\"Fier supporteur de Math Duff en cette journ\u00e9e qu\u00e9b\u00e9coise du steam\u00e9!\",\"alternateName\":\"6 mai - JQDS\",\"potentialAction\":[{\"@type\":\"SearchAction\",\"target\":{\"@type\":\"EntryPoint\",\"urlTemplate\":\"https:\\\/\\\/journeequebecoisedusteame.com\\\/?s={search_term_string}\"},\"query-input\":{\"@type\":\"PropertyValueSpecification\",\"valueRequired\":true,\"valueName\":\"search_term_string\"}}],\"inLanguage\":\"en-CA\"}]}<\/script>\n<!-- \/ Yoast SEO plugin. -->","yoast_head_json":{"title":"Promouvoir - 1 mois \ud83d\udce2 - Journ\u00e9e qu\u00e9becoise du steam\u00e9","robots":{"index":"noindex","follow":"follow"},"og_locale":"en_US","og_type":"article","og_title":"Promouvoir - 1 mois \ud83d\udce2 - Journ\u00e9e qu\u00e9becoise du steam\u00e9","og_url":"https:\/\/journeequebecoisedusteame.com\/en\/product\/promouvoir-1-mois\/","og_site_name":"Journ\u00e9e qu\u00e9becoise du steam\u00e9","article_modified_time":"2026-04-03T22:42:20+00:00","twitter_card":"summary_large_image","schema":{"@context":"https:\/\/schema.org","@graph":[{"@type":"WebPage","@id":"https:\/\/journeequebecoisedusteame.com\/product\/promouvoir-1-mois\/","url":"https:\/\/journeequebecoisedusteame.com\/product\/promouvoir-1-mois\/","name":"Promouvoir - 1 mois \ud83d\udce2 - Journ\u00e9e qu\u00e9becoise du steam\u00e9","isPartOf":{"@id":"https:\/\/journeequebecoisedusteame.com\/#website"},"datePublished":"2026-03-23T01:38:56+00:00","dateModified":"2026-04-03T22:42:20+00:00","breadcrumb":{"@id":"https:\/\/journeequebecoisedusteame.com\/product\/promouvoir-1-mois\/#breadcrumb"},"inLanguage":"en-CA","potentialAction":[{"@type":"ReadAction","target":["https:\/\/journeequebecoisedusteame.com\/product\/promouvoir-1-mois\/"]}]},{"@type":"BreadcrumbList","@id":"https:\/\/journeequebecoisedusteame.com\/product\/promouvoir-1-mois\/#breadcrumb","itemListElement":[{"@type":"ListItem","position":1,"name":"Home","item":"https:\/\/journeequebecoisedusteame.com\/"},{"@type":"ListItem","position":2,"name":"Boutique","item":"https:\/\/journeequebecoisedusteame.com\/boutique\/"},{"@type":"ListItem","position":3,"name":"Promouvoir &#8211; 1 mois \ud83d\udce2"}]},{"@type":"WebSite","@id":"https:\/\/journeequebecoisedusteame.com\/#website","url":"https:\/\/journeequebecoisedusteame.com\/","name":"Quebec Steamed Day","description":"Proud supporter of Math Duff on this Quebec steamed day!","alternateName":"6 mai - JQDS","potentialAction":[{"@type":"SearchAction","target":{"@type":"EntryPoint","urlTemplate":"https:\/\/journeequebecoisedusteame.com\/?s={search_term_string}"},"query-input":{"@type":"PropertyValueSpecification","valueRequired":true,"valueName":"search_term_string"}}],"inLanguage":"en-CA"}]}},"_links":{"self":[{"href":"https:\/\/journeequebecoisedusteame.com\/en\/wp-json\/wp\/v2\/product\/111674","targetHints":{"allow":["GET"]}}],"collection":[{"href":"https:\/\/journeequebecoisedusteame.com\/en\/wp-json\/wp\/v2\/product"}],"about":[{"href":"https:\/\/journeequebecoisedusteame.com\/en\/wp-json\/wp\/v2\/types\/product"}],"wp:attachment":[{"href":"https:\/\/journeequebecoisedusteame.com\/en\/wp-json\/wp\/v2\/media?parent=111674"}],"wp:term":[{"taxonomy":"product_brand","embeddable":true,"href":"https:\/\/journeequebecoisedusteame.com\/en\/wp-json\/wp\/v2\/product_brand?post=111674"},{"taxonomy":"product_cat","embeddable":true,"href":"https:\/\/journeequebecoisedusteame.com\/en\/wp-json\/wp\/v2\/product_cat?post=111674"},{"taxonomy":"product_tag","embeddable":true,"href":"https:\/\/journeequebecoisedusteame.com\/en\/wp-json\/wp\/v2\/product_tag?post=111674"}],"curies":[{"name":"wp","href":"https:\/\/api.w.org\/{rel}","templated":true}]}}