{"id":111647,"date":"2026-03-22T18:55:24","date_gmt":"2026-03-22T22:55:24","guid":{"rendered":"https:\/\/journeequebecoisedusteame.com\/?post_type=product&#038;p=111647"},"modified":"2026-04-23T17:39:14","modified_gmt":"2026-04-23T21:39:14","slug":"boost-visibilite","status":"publish","type":"product","link":"https:\/\/journeequebecoisedusteame.com\/en\/product\/boost-visibilite\/","title":{"rendered":"Boost your visibility \ud83d\ude80"},"content":{"rendered":"<ul>\n<li>\ud83d\ude80 Unlimited posts<\/li>\n<li>\ud83d\udd25 Priority in results<\/li>\n<li>\ud83c\udff7\ufe0f Verified badge (more credibility)<\/li>\n<li>\u23f3 Active all year round<\/li>\n<\/ul>","protected":false},"excerpt":{"rendered":"<p>\ud83d\ude80 Publications illimit\u00e9es \ud83d\udd25 Priorit\u00e9 dans les r\u00e9sultats \ud83c\udff7\ufe0f Badge v\u00e9rifi\u00e9 (plus de cr\u00e9dibilit\u00e9) \u23f3 Actif toute l\u2019ann\u00e9e<\/p>","protected":false},"featured_media":0,"template":"","meta":[],"product_brand":[],"product_cat":[22],"product_tag":[],"class_list":{"0":"post-111647","1":"product","2":"type-product","3":"status-publish","5":"product_cat-category","7":"first","8":"instock","9":"sale","10":"virtual","11":"sold-individually","12":"taxable","13":"purchasable","14":"product-type-job_package"},"yoast_head":"<!-- This site is optimized with the Yoast SEO plugin v27.5 - https:\/\/yoast.com\/product\/yoast-seo-wordpress\/ -->\n<title>Boost visibilit\u00e9 \ud83d\ude80 - Journ\u00e9e qu\u00e9becoise du steam\u00e9<\/title>\n<meta name=\"robots\" content=\"noindex, follow\" \/>\n<meta property=\"og:locale\" content=\"en_US\" \/>\n<meta property=\"og:type\" content=\"article\" \/>\n<meta property=\"og:title\" content=\"Boost visibilit\u00e9 \ud83d\ude80 - Journ\u00e9e qu\u00e9becoise du steam\u00e9\" \/>\n<meta property=\"og:description\" content=\"\ud83d\ude80 Publications illimit\u00e9es \ud83d\udd25 Priorit\u00e9 dans les r\u00e9sultats \ud83c\udff7\ufe0f Badge v\u00e9rifi\u00e9 (plus de cr\u00e9dibilit\u00e9) \u23f3 Actif toute l\u2019ann\u00e9e\" \/>\n<meta property=\"og:url\" content=\"https:\/\/journeequebecoisedusteame.com\/en\/product\/boost-visibilite\/\" \/>\n<meta property=\"og:site_name\" content=\"Journ\u00e9e qu\u00e9becoise du steam\u00e9\" \/>\n<meta property=\"article:modified_time\" content=\"2026-04-23T21:39:14+00:00\" \/>\n<meta name=\"twitter:card\" content=\"summary_large_image\" \/>\n<meta name=\"twitter:label1\" content=\"Est. reading time\" \/>\n\t<meta name=\"twitter:data1\" content=\"1 minute\" \/>\n<script type=\"application\/ld+json\" class=\"yoast-schema-graph\">{\"@context\":\"https:\\\/\\\/schema.org\",\"@graph\":[{\"@type\":\"WebPage\",\"@id\":\"https:\\\/\\\/journeequebecoisedusteame.com\\\/product\\\/boost-visibilite\\\/\",\"url\":\"https:\\\/\\\/journeequebecoisedusteame.com\\\/product\\\/boost-visibilite\\\/\",\"name\":\"Boost visibilit\u00e9 \ud83d\ude80 - Journ\u00e9e qu\u00e9becoise du steam\u00e9\",\"isPartOf\":{\"@id\":\"https:\\\/\\\/journeequebecoisedusteame.com\\\/#website\"},\"datePublished\":\"2026-03-22T22:55:24+00:00\",\"dateModified\":\"2026-04-23T21:39:14+00:00\",\"breadcrumb\":{\"@id\":\"https:\\\/\\\/journeequebecoisedusteame.com\\\/product\\\/boost-visibilite\\\/#breadcrumb\"},\"inLanguage\":\"en-CA\",\"potentialAction\":[{\"@type\":\"ReadAction\",\"target\":[\"https:\\\/\\\/journeequebecoisedusteame.com\\\/product\\\/boost-visibilite\\\/\"]}]},{\"@type\":\"BreadcrumbList\",\"@id\":\"https:\\\/\\\/journeequebecoisedusteame.com\\\/product\\\/boost-visibilite\\\/#breadcrumb\",\"itemListElement\":[{\"@type\":\"ListItem\",\"position\":1,\"name\":\"Home\",\"item\":\"https:\\\/\\\/journeequebecoisedusteame.com\\\/\"},{\"@type\":\"ListItem\",\"position\":2,\"name\":\"Boutique\",\"item\":\"https:\\\/\\\/journeequebecoisedusteame.com\\\/boutique\\\/\"},{\"@type\":\"ListItem\",\"position\":3,\"name\":\"Boost visibilit\u00e9 \ud83d\ude80\"}]},{\"@type\":\"WebSite\",\"@id\":\"https:\\\/\\\/journeequebecoisedusteame.com\\\/#website\",\"url\":\"https:\\\/\\\/journeequebecoisedusteame.com\\\/\",\"name\":\"Journ\u00e9e qu\u00e9b\u00e9coise du steam\u00e9\",\"description\":\"Fier supporteur de Math Duff en cette journ\u00e9e qu\u00e9b\u00e9coise du steam\u00e9!\",\"alternateName\":\"6 mai - JQDS\",\"potentialAction\":[{\"@type\":\"SearchAction\",\"target\":{\"@type\":\"EntryPoint\",\"urlTemplate\":\"https:\\\/\\\/journeequebecoisedusteame.com\\\/?s={search_term_string}\"},\"query-input\":{\"@type\":\"PropertyValueSpecification\",\"valueRequired\":true,\"valueName\":\"search_term_string\"}}],\"inLanguage\":\"en-CA\"}]}<\/script>\n<!-- \/ Yoast SEO plugin. -->","yoast_head_json":{"title":"Boost visibilit\u00e9 \ud83d\ude80 - Journ\u00e9e qu\u00e9becoise du steam\u00e9","robots":{"index":"noindex","follow":"follow"},"og_locale":"en_US","og_type":"article","og_title":"Boost visibilit\u00e9 \ud83d\ude80 - Journ\u00e9e qu\u00e9becoise du steam\u00e9","og_description":"\ud83d\ude80 Publications illimit\u00e9es \ud83d\udd25 Priorit\u00e9 dans les r\u00e9sultats \ud83c\udff7\ufe0f Badge v\u00e9rifi\u00e9 (plus de cr\u00e9dibilit\u00e9) \u23f3 Actif toute l\u2019ann\u00e9e","og_url":"https:\/\/journeequebecoisedusteame.com\/en\/product\/boost-visibilite\/","og_site_name":"Journ\u00e9e qu\u00e9becoise du steam\u00e9","article_modified_time":"2026-04-23T21:39:14+00:00","twitter_card":"summary_large_image","twitter_misc":{"Est. reading time":"1 minute"},"schema":{"@context":"https:\/\/schema.org","@graph":[{"@type":"WebPage","@id":"https:\/\/journeequebecoisedusteame.com\/product\/boost-visibilite\/","url":"https:\/\/journeequebecoisedusteame.com\/product\/boost-visibilite\/","name":"Boost visibilit\u00e9 \ud83d\ude80 - Journ\u00e9e qu\u00e9becoise du steam\u00e9","isPartOf":{"@id":"https:\/\/journeequebecoisedusteame.com\/#website"},"datePublished":"2026-03-22T22:55:24+00:00","dateModified":"2026-04-23T21:39:14+00:00","breadcrumb":{"@id":"https:\/\/journeequebecoisedusteame.com\/product\/boost-visibilite\/#breadcrumb"},"inLanguage":"en-CA","potentialAction":[{"@type":"ReadAction","target":["https:\/\/journeequebecoisedusteame.com\/product\/boost-visibilite\/"]}]},{"@type":"BreadcrumbList","@id":"https:\/\/journeequebecoisedusteame.com\/product\/boost-visibilite\/#breadcrumb","itemListElement":[{"@type":"ListItem","position":1,"name":"Home","item":"https:\/\/journeequebecoisedusteame.com\/"},{"@type":"ListItem","position":2,"name":"Boutique","item":"https:\/\/journeequebecoisedusteame.com\/boutique\/"},{"@type":"ListItem","position":3,"name":"Boost visibilit\u00e9 \ud83d\ude80"}]},{"@type":"WebSite","@id":"https:\/\/journeequebecoisedusteame.com\/#website","url":"https:\/\/journeequebecoisedusteame.com\/","name":"Quebec Steamed Day","description":"Proud supporter of Math Duff on this Quebec steamed day!","alternateName":"6 mai - JQDS","potentialAction":[{"@type":"SearchAction","target":{"@type":"EntryPoint","urlTemplate":"https:\/\/journeequebecoisedusteame.com\/?s={search_term_string}"},"query-input":{"@type":"PropertyValueSpecification","valueRequired":true,"valueName":"search_term_string"}}],"inLanguage":"en-CA"}]}},"_links":{"self":[{"href":"https:\/\/journeequebecoisedusteame.com\/en\/wp-json\/wp\/v2\/product\/111647","targetHints":{"allow":["GET"]}}],"collection":[{"href":"https:\/\/journeequebecoisedusteame.com\/en\/wp-json\/wp\/v2\/product"}],"about":[{"href":"https:\/\/journeequebecoisedusteame.com\/en\/wp-json\/wp\/v2\/types\/product"}],"wp:attachment":[{"href":"https:\/\/journeequebecoisedusteame.com\/en\/wp-json\/wp\/v2\/media?parent=111647"}],"wp:term":[{"taxonomy":"product_brand","embeddable":true,"href":"https:\/\/journeequebecoisedusteame.com\/en\/wp-json\/wp\/v2\/product_brand?post=111647"},{"taxonomy":"product_cat","embeddable":true,"href":"https:\/\/journeequebecoisedusteame.com\/en\/wp-json\/wp\/v2\/product_cat?post=111647"},{"taxonomy":"product_tag","embeddable":true,"href":"https:\/\/journeequebecoisedusteame.com\/en\/wp-json\/wp\/v2\/product_tag?post=111647"}],"curies":[{"name":"wp","href":"https:\/\/api.w.org\/{rel}","templated":true}]}}