{"id":111122,"date":"2026-03-15T19:06:36","date_gmt":"2026-03-15T23:06:36","guid":{"rendered":"https:\/\/journeequebecoisedusteame.com\/product\/basic\/"},"modified":"2026-04-22T21:51:47","modified_gmt":"2026-04-23T01:51:47","slug":"participation","status":"publish","type":"product","link":"https:\/\/journeequebecoisedusteame.com\/en\/product\/participation\/","title":{"rendered":"Participation"},"content":{"rendered":"<ul>\n<li>\u2705 1 publication included<\/li>\n<li>\u2705 Visible to visitors<\/li>\n<li>\u23f3 Expiration after 3 months<\/li>\n<li>\u274c Badge verified<\/li>\n<li>\u274c Featured<\/li>\n<\/ul>","protected":false},"excerpt":{"rendered":"<p>\u2705 1 publication incluse \u2705 Visible par les visiteurs \u23f3 Expiration apr\u00e8s 3 mois \u274c Badge v\u00e9rifi\u00e9 \u274c Mise en avant<\/p>","protected":false},"featured_media":0,"template":"","meta":[],"product_brand":[],"product_cat":[22],"product_tag":[],"class_list":{"0":"post-111122","1":"product","2":"type-product","3":"status-publish","5":"product_cat-category","7":"first","8":"instock","9":"virtual","10":"sold-individually","11":"taxable","12":"purchasable","13":"product-type-job_package"},"yoast_head":"<!-- This site is optimized with the Yoast SEO plugin v27.5 - https:\/\/yoast.com\/product\/yoast-seo-wordpress\/ -->\n<title>Participation - Journ\u00e9e qu\u00e9becoise du steam\u00e9<\/title>\n<meta name=\"robots\" content=\"noindex, follow\" \/>\n<meta property=\"og:locale\" content=\"en_US\" \/>\n<meta property=\"og:type\" content=\"article\" \/>\n<meta property=\"og:title\" content=\"Participation - Journ\u00e9e qu\u00e9becoise du steam\u00e9\" \/>\n<meta property=\"og:description\" content=\"\u2705 1 publication incluse \u2705 Visible par les visiteurs \u23f3 Expiration apr\u00e8s 3 mois \u274c Badge v\u00e9rifi\u00e9 \u274c Mise en avant\" \/>\n<meta property=\"og:url\" content=\"https:\/\/journeequebecoisedusteame.com\/en\/product\/participation\/\" \/>\n<meta property=\"og:site_name\" content=\"Journ\u00e9e qu\u00e9becoise du steam\u00e9\" \/>\n<meta property=\"article:modified_time\" content=\"2026-04-23T01:51:47+00:00\" \/>\n<meta name=\"twitter:card\" content=\"summary_large_image\" \/>\n<meta name=\"twitter:label1\" content=\"Est. reading time\" \/>\n\t<meta name=\"twitter:data1\" content=\"1 minute\" \/>\n<script type=\"application\/ld+json\" class=\"yoast-schema-graph\">{\"@context\":\"https:\\\/\\\/schema.org\",\"@graph\":[{\"@type\":\"WebPage\",\"@id\":\"https:\\\/\\\/journeequebecoisedusteame.com\\\/product\\\/participation\\\/\",\"url\":\"https:\\\/\\\/journeequebecoisedusteame.com\\\/product\\\/participation\\\/\",\"name\":\"Participation - Journ\u00e9e qu\u00e9becoise du steam\u00e9\",\"isPartOf\":{\"@id\":\"https:\\\/\\\/journeequebecoisedusteame.com\\\/#website\"},\"datePublished\":\"2026-03-15T23:06:36+00:00\",\"dateModified\":\"2026-04-23T01:51:47+00:00\",\"breadcrumb\":{\"@id\":\"https:\\\/\\\/journeequebecoisedusteame.com\\\/product\\\/participation\\\/#breadcrumb\"},\"inLanguage\":\"en-CA\",\"potentialAction\":[{\"@type\":\"ReadAction\",\"target\":[\"https:\\\/\\\/journeequebecoisedusteame.com\\\/product\\\/participation\\\/\"]}]},{\"@type\":\"BreadcrumbList\",\"@id\":\"https:\\\/\\\/journeequebecoisedusteame.com\\\/product\\\/participation\\\/#breadcrumb\",\"itemListElement\":[{\"@type\":\"ListItem\",\"position\":1,\"name\":\"Home\",\"item\":\"https:\\\/\\\/journeequebecoisedusteame.com\\\/\"},{\"@type\":\"ListItem\",\"position\":2,\"name\":\"Boutique\",\"item\":\"https:\\\/\\\/journeequebecoisedusteame.com\\\/boutique\\\/\"},{\"@type\":\"ListItem\",\"position\":3,\"name\":\"Participation\"}]},{\"@type\":\"WebSite\",\"@id\":\"https:\\\/\\\/journeequebecoisedusteame.com\\\/#website\",\"url\":\"https:\\\/\\\/journeequebecoisedusteame.com\\\/\",\"name\":\"Journ\u00e9e qu\u00e9b\u00e9coise du steam\u00e9\",\"description\":\"Fier supporteur de Math Duff en cette journ\u00e9e qu\u00e9b\u00e9coise du steam\u00e9!\",\"alternateName\":\"6 mai - JQDS\",\"potentialAction\":[{\"@type\":\"SearchAction\",\"target\":{\"@type\":\"EntryPoint\",\"urlTemplate\":\"https:\\\/\\\/journeequebecoisedusteame.com\\\/?s={search_term_string}\"},\"query-input\":{\"@type\":\"PropertyValueSpecification\",\"valueRequired\":true,\"valueName\":\"search_term_string\"}}],\"inLanguage\":\"en-CA\"}]}<\/script>\n<!-- \/ Yoast SEO plugin. -->","yoast_head_json":{"title":"Participation - Journ\u00e9e qu\u00e9becoise du steam\u00e9","robots":{"index":"noindex","follow":"follow"},"og_locale":"en_US","og_type":"article","og_title":"Participation - Journ\u00e9e qu\u00e9becoise du steam\u00e9","og_description":"\u2705 1 publication incluse \u2705 Visible par les visiteurs \u23f3 Expiration apr\u00e8s 3 mois \u274c Badge v\u00e9rifi\u00e9 \u274c Mise en avant","og_url":"https:\/\/journeequebecoisedusteame.com\/en\/product\/participation\/","og_site_name":"Journ\u00e9e qu\u00e9becoise du steam\u00e9","article_modified_time":"2026-04-23T01:51:47+00:00","twitter_card":"summary_large_image","twitter_misc":{"Est. reading time":"1 minute"},"schema":{"@context":"https:\/\/schema.org","@graph":[{"@type":"WebPage","@id":"https:\/\/journeequebecoisedusteame.com\/product\/participation\/","url":"https:\/\/journeequebecoisedusteame.com\/product\/participation\/","name":"Participation - Journ\u00e9e qu\u00e9becoise du steam\u00e9","isPartOf":{"@id":"https:\/\/journeequebecoisedusteame.com\/#website"},"datePublished":"2026-03-15T23:06:36+00:00","dateModified":"2026-04-23T01:51:47+00:00","breadcrumb":{"@id":"https:\/\/journeequebecoisedusteame.com\/product\/participation\/#breadcrumb"},"inLanguage":"en-CA","potentialAction":[{"@type":"ReadAction","target":["https:\/\/journeequebecoisedusteame.com\/product\/participation\/"]}]},{"@type":"BreadcrumbList","@id":"https:\/\/journeequebecoisedusteame.com\/product\/participation\/#breadcrumb","itemListElement":[{"@type":"ListItem","position":1,"name":"Home","item":"https:\/\/journeequebecoisedusteame.com\/"},{"@type":"ListItem","position":2,"name":"Boutique","item":"https:\/\/journeequebecoisedusteame.com\/boutique\/"},{"@type":"ListItem","position":3,"name":"Participation"}]},{"@type":"WebSite","@id":"https:\/\/journeequebecoisedusteame.com\/#website","url":"https:\/\/journeequebecoisedusteame.com\/","name":"Quebec Steamed Day","description":"Proud supporter of Math Duff on this Quebec steamed day!","alternateName":"6 mai - JQDS","potentialAction":[{"@type":"SearchAction","target":{"@type":"EntryPoint","urlTemplate":"https:\/\/journeequebecoisedusteame.com\/?s={search_term_string}"},"query-input":{"@type":"PropertyValueSpecification","valueRequired":true,"valueName":"search_term_string"}}],"inLanguage":"en-CA"}]}},"_links":{"self":[{"href":"https:\/\/journeequebecoisedusteame.com\/en\/wp-json\/wp\/v2\/product\/111122","targetHints":{"allow":["GET"]}}],"collection":[{"href":"https:\/\/journeequebecoisedusteame.com\/en\/wp-json\/wp\/v2\/product"}],"about":[{"href":"https:\/\/journeequebecoisedusteame.com\/en\/wp-json\/wp\/v2\/types\/product"}],"wp:attachment":[{"href":"https:\/\/journeequebecoisedusteame.com\/en\/wp-json\/wp\/v2\/media?parent=111122"}],"wp:term":[{"taxonomy":"product_brand","embeddable":true,"href":"https:\/\/journeequebecoisedusteame.com\/en\/wp-json\/wp\/v2\/product_brand?post=111122"},{"taxonomy":"product_cat","embeddable":true,"href":"https:\/\/journeequebecoisedusteame.com\/en\/wp-json\/wp\/v2\/product_cat?post=111122"},{"taxonomy":"product_tag","embeddable":true,"href":"https:\/\/journeequebecoisedusteame.com\/en\/wp-json\/wp\/v2\/product_tag?post=111122"}],"curies":[{"name":"wp","href":"https:\/\/api.w.org\/{rel}","templated":true}]}}