{"id":111120,"date":"2026-03-15T19:06:36","date_gmt":"2026-03-15T23:06:36","guid":{"rendered":"https:\/\/journeequebecoisedusteame.com\/product\/premium\/"},"modified":"2026-04-19T21:24:47","modified_gmt":"2026-04-20T01:24:47","slug":"partenaire-officiel","status":"publish","type":"product","link":"https:\/\/journeequebecoisedusteame.com\/en\/product\/partenaire-officiel\/","title":{"rendered":"Featured Partner \u2b50"},"content":{"rendered":"<ul>\n<li>\ud83d\ude80 All Visibility Boost included<\/li>\n<li>\u2b50 Presence in the partners section<\/li>\n<li>\ud83d\udce3 Promotion on our social media<\/li>\n<li>\ud83c\udfe0 Featured on the homepage<\/li>\n<li>\ud83c\udfa5 Featured in our 2026 recap video<\/li>\n<\/ul>","protected":false},"excerpt":{"rendered":"<p>\ud83d\ude80 Tout le Boost Visibilit\u00e9 inclus \u2b50 Pr\u00e9sence dans la section partenaires \ud83d\udce3 Promotion sur nos r\u00e9seaux sociaux \ud83c\udfe0 Mise en avant sur la page d\u2019accueil \ud83c\udfa5 Visibilit\u00e9 dans notre vid\u00e9o r\u00e9cap 2026<\/p>","protected":false},"featured_media":0,"template":"","meta":[],"product_brand":[],"product_cat":[22],"product_tag":[],"class_list":{"0":"post-111120","1":"product","2":"type-product","3":"status-publish","5":"product_cat-category","7":"first","8":"instock","9":"sale","10":"virtual","11":"sold-individually","12":"taxable","13":"purchasable","14":"product-type-job_package"},"yoast_head":"<!-- This site is optimized with the Yoast SEO plugin v27.5 - https:\/\/yoast.com\/product\/yoast-seo-wordpress\/ -->\n<title>Partenaire en vedette \u2b50 - Journ\u00e9e qu\u00e9becoise du steam\u00e9<\/title>\n<meta name=\"robots\" content=\"noindex, follow\" \/>\n<meta property=\"og:locale\" content=\"en_US\" \/>\n<meta property=\"og:type\" content=\"article\" \/>\n<meta property=\"og:title\" content=\"Partenaire en vedette \u2b50 - Journ\u00e9e qu\u00e9becoise du steam\u00e9\" \/>\n<meta property=\"og:description\" content=\"\ud83d\ude80 Tout le Boost Visibilit\u00e9 inclus \u2b50 Pr\u00e9sence dans la section partenaires \ud83d\udce3 Promotion sur nos r\u00e9seaux sociaux \ud83c\udfe0 Mise en avant sur la page d\u2019accueil \ud83c\udfa5 Visibilit\u00e9 dans notre vid\u00e9o r\u00e9cap 2026\" \/>\n<meta property=\"og:url\" content=\"https:\/\/journeequebecoisedusteame.com\/en\/product\/partenaire-officiel\/\" \/>\n<meta property=\"og:site_name\" content=\"Journ\u00e9e qu\u00e9becoise du steam\u00e9\" \/>\n<meta property=\"article:modified_time\" content=\"2026-04-20T01:24:47+00:00\" \/>\n<meta name=\"twitter:card\" content=\"summary_large_image\" \/>\n<meta name=\"twitter:label1\" content=\"Est. reading time\" \/>\n\t<meta name=\"twitter:data1\" content=\"1 minute\" \/>\n<script type=\"application\/ld+json\" class=\"yoast-schema-graph\">{\"@context\":\"https:\\\/\\\/schema.org\",\"@graph\":[{\"@type\":\"WebPage\",\"@id\":\"https:\\\/\\\/journeequebecoisedusteame.com\\\/product\\\/partenaire-officiel\\\/\",\"url\":\"https:\\\/\\\/journeequebecoisedusteame.com\\\/product\\\/partenaire-officiel\\\/\",\"name\":\"Partenaire en vedette \u2b50 - Journ\u00e9e qu\u00e9becoise du steam\u00e9\",\"isPartOf\":{\"@id\":\"https:\\\/\\\/journeequebecoisedusteame.com\\\/#website\"},\"datePublished\":\"2026-03-15T23:06:36+00:00\",\"dateModified\":\"2026-04-20T01:24:47+00:00\",\"breadcrumb\":{\"@id\":\"https:\\\/\\\/journeequebecoisedusteame.com\\\/product\\\/partenaire-officiel\\\/#breadcrumb\"},\"inLanguage\":\"en-CA\",\"potentialAction\":[{\"@type\":\"ReadAction\",\"target\":[\"https:\\\/\\\/journeequebecoisedusteame.com\\\/product\\\/partenaire-officiel\\\/\"]}]},{\"@type\":\"BreadcrumbList\",\"@id\":\"https:\\\/\\\/journeequebecoisedusteame.com\\\/product\\\/partenaire-officiel\\\/#breadcrumb\",\"itemListElement\":[{\"@type\":\"ListItem\",\"position\":1,\"name\":\"Home\",\"item\":\"https:\\\/\\\/journeequebecoisedusteame.com\\\/\"},{\"@type\":\"ListItem\",\"position\":2,\"name\":\"Boutique\",\"item\":\"https:\\\/\\\/journeequebecoisedusteame.com\\\/boutique\\\/\"},{\"@type\":\"ListItem\",\"position\":3,\"name\":\"Partenaire en vedette \u2b50\"}]},{\"@type\":\"WebSite\",\"@id\":\"https:\\\/\\\/journeequebecoisedusteame.com\\\/#website\",\"url\":\"https:\\\/\\\/journeequebecoisedusteame.com\\\/\",\"name\":\"Journ\u00e9e qu\u00e9b\u00e9coise du steam\u00e9\",\"description\":\"Fier supporteur de Math Duff en cette journ\u00e9e qu\u00e9b\u00e9coise du steam\u00e9!\",\"alternateName\":\"6 mai - JQDS\",\"potentialAction\":[{\"@type\":\"SearchAction\",\"target\":{\"@type\":\"EntryPoint\",\"urlTemplate\":\"https:\\\/\\\/journeequebecoisedusteame.com\\\/?s={search_term_string}\"},\"query-input\":{\"@type\":\"PropertyValueSpecification\",\"valueRequired\":true,\"valueName\":\"search_term_string\"}}],\"inLanguage\":\"en-CA\"}]}<\/script>\n<!-- \/ Yoast SEO plugin. -->","yoast_head_json":{"title":"Partenaire en vedette \u2b50 - Journ\u00e9e qu\u00e9becoise du steam\u00e9","robots":{"index":"noindex","follow":"follow"},"og_locale":"en_US","og_type":"article","og_title":"Partenaire en vedette \u2b50 - Journ\u00e9e qu\u00e9becoise du steam\u00e9","og_description":"\ud83d\ude80 Tout le Boost Visibilit\u00e9 inclus \u2b50 Pr\u00e9sence dans la section partenaires \ud83d\udce3 Promotion sur nos r\u00e9seaux sociaux \ud83c\udfe0 Mise en avant sur la page d\u2019accueil \ud83c\udfa5 Visibilit\u00e9 dans notre vid\u00e9o r\u00e9cap 2026","og_url":"https:\/\/journeequebecoisedusteame.com\/en\/product\/partenaire-officiel\/","og_site_name":"Journ\u00e9e qu\u00e9becoise du steam\u00e9","article_modified_time":"2026-04-20T01:24:47+00:00","twitter_card":"summary_large_image","twitter_misc":{"Est. reading time":"1 minute"},"schema":{"@context":"https:\/\/schema.org","@graph":[{"@type":"WebPage","@id":"https:\/\/journeequebecoisedusteame.com\/product\/partenaire-officiel\/","url":"https:\/\/journeequebecoisedusteame.com\/product\/partenaire-officiel\/","name":"Partenaire en vedette \u2b50 - Journ\u00e9e qu\u00e9becoise du steam\u00e9","isPartOf":{"@id":"https:\/\/journeequebecoisedusteame.com\/#website"},"datePublished":"2026-03-15T23:06:36+00:00","dateModified":"2026-04-20T01:24:47+00:00","breadcrumb":{"@id":"https:\/\/journeequebecoisedusteame.com\/product\/partenaire-officiel\/#breadcrumb"},"inLanguage":"en-CA","potentialAction":[{"@type":"ReadAction","target":["https:\/\/journeequebecoisedusteame.com\/product\/partenaire-officiel\/"]}]},{"@type":"BreadcrumbList","@id":"https:\/\/journeequebecoisedusteame.com\/product\/partenaire-officiel\/#breadcrumb","itemListElement":[{"@type":"ListItem","position":1,"name":"Home","item":"https:\/\/journeequebecoisedusteame.com\/"},{"@type":"ListItem","position":2,"name":"Boutique","item":"https:\/\/journeequebecoisedusteame.com\/boutique\/"},{"@type":"ListItem","position":3,"name":"Partenaire en vedette \u2b50"}]},{"@type":"WebSite","@id":"https:\/\/journeequebecoisedusteame.com\/#website","url":"https:\/\/journeequebecoisedusteame.com\/","name":"Quebec Steamed Day","description":"Proud supporter of Math Duff on this Quebec steamed day!","alternateName":"6 mai - JQDS","potentialAction":[{"@type":"SearchAction","target":{"@type":"EntryPoint","urlTemplate":"https:\/\/journeequebecoisedusteame.com\/?s={search_term_string}"},"query-input":{"@type":"PropertyValueSpecification","valueRequired":true,"valueName":"search_term_string"}}],"inLanguage":"en-CA"}]}},"_links":{"self":[{"href":"https:\/\/journeequebecoisedusteame.com\/en\/wp-json\/wp\/v2\/product\/111120","targetHints":{"allow":["GET"]}}],"collection":[{"href":"https:\/\/journeequebecoisedusteame.com\/en\/wp-json\/wp\/v2\/product"}],"about":[{"href":"https:\/\/journeequebecoisedusteame.com\/en\/wp-json\/wp\/v2\/types\/product"}],"wp:attachment":[{"href":"https:\/\/journeequebecoisedusteame.com\/en\/wp-json\/wp\/v2\/media?parent=111120"}],"wp:term":[{"taxonomy":"product_brand","embeddable":true,"href":"https:\/\/journeequebecoisedusteame.com\/en\/wp-json\/wp\/v2\/product_brand?post=111120"},{"taxonomy":"product_cat","embeddable":true,"href":"https:\/\/journeequebecoisedusteame.com\/en\/wp-json\/wp\/v2\/product_cat?post=111120"},{"taxonomy":"product_tag","embeddable":true,"href":"https:\/\/journeequebecoisedusteame.com\/en\/wp-json\/wp\/v2\/product_tag?post=111120"}],"curies":[{"name":"wp","href":"https:\/\/api.w.org\/{rel}","templated":true}]}}