{"id":112442,"date":"2026-04-19T23:52:40","date_gmt":"2026-04-20T03:52:40","guid":{"rendered":"https:\/\/journeequebecoisedusteame.com\/?page_id=112442"},"modified":"2026-04-20T01:01:46","modified_gmt":"2026-04-20T05:01:46","slug":"fil-dactualite","status":"publish","type":"page","link":"https:\/\/journeequebecoisedusteame.com\/en\/fil-dactualite\/","title":{"rendered":"Fil d\u2019actualit\u00e9"},"content":{"rendered":"\t\t<div data-elementor-type=\"wp-page\" data-elementor-id=\"112442\" class=\"elementor elementor-112442\">\n\t\t\t\t<div class=\"elementor-element elementor-element-0d005c2 e-flex e-con-boxed e-con e-parent\" data-id=\"0d005c2\" data-element_type=\"container\" data-e-type=\"container\">\n\t\t\t\t\t<div class=\"e-con-inner\">\n\t\t\t\t<div class=\"elementor-element elementor-element-e6ce5f4 elementor-widget elementor-widget-shortcode\" data-id=\"e6ce5f4\" data-element_type=\"widget\" data-e-type=\"widget\" data-widget_type=\"shortcode.default\">\n\t\t\t\t\t\t\t<div class=\"elementor-shortcode\">[aiovg_videos limit=\"20\" show_count=\"1\" show_user=\"1\" show_likes=\"1\" show_dislikes=\"1\" show_comments=\"1\" show_excerpt=\"1\"]<\/div>\n\t\t\t\t\t\t<\/div>\n\t\t\t\t\t<\/div>\n\t\t\t\t<\/div>\n\t\t<div class=\"elementor-element elementor-element-45d34ae e-flex e-con-boxed e-con e-parent\" data-id=\"45d34ae\" data-element_type=\"container\" data-e-type=\"container\">\n\t\t\t\t\t<div class=\"e-con-inner\">\n\t\t<div class=\"elementor-element elementor-element-f4c8e51 e-con-full e-flex e-con e-child\" data-id=\"f4c8e51\" data-element_type=\"container\" data-e-type=\"container\">\n\t\t\t\t<div class=\"elementor-element elementor-element-9363d11 elementor-widget elementor-widget-html\" data-id=\"9363d11\" data-element_type=\"widget\" data-e-type=\"widget\" data-widget_type=\"html.default\">\n\t\t\t\t\t<iframe \n  src=\"https:\/\/www.facebook.com\/plugins\/video.php?href=https:\/\/www.facebook.com\/reel\/1906792533303223\"\n  width=\"500\" \n  height=\"600\" \n  style=\"border:none;overflow:hidden\" \n  scrolling=\"no\" \n  frameborder=\"0\" \n  allowfullscreen=\"true\">\n<\/iframe>\t\t\t\t<\/div>\n\t\t\t\t<\/div>\n\t\t<div class=\"elementor-element elementor-element-a1baa46 e-con-full e-flex e-con e-child\" data-id=\"a1baa46\" data-element_type=\"container\" data-e-type=\"container\">\n\t\t\t\t<div class=\"elementor-element elementor-element-82e6707 elementor-widget elementor-widget-html\" data-id=\"82e6707\" data-element_type=\"widget\" data-e-type=\"widget\" data-widget_type=\"html.default\">\n\t\t\t\t\t<iframe \n  src=\"https:\/\/www.facebook.com\/plugins\/video.php?href=https:\/\/www.facebook.com\/reel\/1967970123821567\"\n  width=\"500\" \n  height=\"600\" \n  style=\"border:none;overflow:hidden\" \n  scrolling=\"no\" \n  frameborder=\"0\" \n  allowfullscreen=\"true\">\n<\/iframe>\t\t\t\t<\/div>\n\t\t\t\t<\/div>\n\t\t<div class=\"elementor-element elementor-element-5551433 e-con-full e-flex e-con e-child\" data-id=\"5551433\" data-element_type=\"container\" data-e-type=\"container\">\n\t\t\t\t<\/div>\n\t\t<div class=\"elementor-element elementor-element-31aab0f e-con-full e-flex e-con e-child\" data-id=\"31aab0f\" data-element_type=\"container\" data-e-type=\"container\">\n\t\t\t\t<\/div>\n\t\t\t\t<div class=\"elementor-element elementor-element-f949574 elementor-widget elementor-widget-video\" data-id=\"f949574\" data-element_type=\"widget\" data-e-type=\"widget\" data-settings=\"{&quot;youtube_url&quot;:&quot;https:\\\/\\\/www.facebook.com\\\/reel\\\/1906792533303223\\\/?__cft__[0]=AZa9XAPpQhBnhOaAXMJQVZULmtRBVizAwLdBflK1DrayhHcHevUOkI-HGNFuIXUuQFIJAowR4e4kq4-Yv46FbTOvQ0CT_0qc_RrsCgbykLDZC55Onxl5UpwBx5fVYDsec35blKaQBK2zR7V2wqdd1zrU5_PxYQ6AXq3tKmsaPowsxazdHMyjdvBcbhP1dzMywbIeL68KNiTMTxBXOya3x4_A&amp;__tn__=%2CO%2CP-R&quot;,&quot;video_type&quot;:&quot;youtube&quot;,&quot;controls&quot;:&quot;yes&quot;}\" data-widget_type=\"video.default\">\n\t\t\t\t\t\t\t<div class=\"elementor-wrapper elementor-open-inline\">\n\t\t\t<div class=\"elementor-video\"><\/div>\t\t<\/div>\n\t\t\t\t\t\t<\/div>\n\t\t\t\t\t<\/div>\n\t\t\t\t<\/div>\n\t\t\t\t<\/div>\n\t\t","protected":false},"excerpt":{"rendered":"<p>[aiovg_videos limit=\u00a0\u00bb20&Prime; show_count=\u00a0\u00bb1&Prime; show_user=\u00a0\u00bb1&Prime; show_likes=\u00a0\u00bb1&Prime; show_dislikes=\u00a0\u00bb1&Prime; show_comments=\u00a0\u00bb1&Prime; show_excerpt=\u00a0\u00bb1&Prime;] https:\/\/www.facebook.com\/reel\/1906792533303223\/?__cft__%5B0%5D=AZa9XAPpQhBnhOaAXMJQVZULmtRBVizAwLdBflK1DrayhHcHevUOkI-HGNFuIXUuQFIJAowR4e4kq4-Yv46FbTOvQ0CT_0qc_RrsCgbykLDZC55Onxl5UpwBx5fVYDsec35blKaQBK2zR7V2wqdd1zrU5_PxYQ6AXq3tKmsaPowsxazdHMyjdvBcbhP1dzMywbIeL68KNiTMTxBXOya3x4_A&#038;__tn__=%2CO%2CP-R<\/p>\n","protected":false},"author":1,"featured_media":0,"parent":0,"menu_order":0,"comment_status":"closed","ping_status":"closed","template":"","meta":{"footnotes":""},"class_list":["post-112442","page","type-page","status-publish","hentry"],"yoast_head":"<!-- This site is optimized with the Yoast SEO plugin v27.6 - https:\/\/yoast.com\/product\/yoast-seo-wordpress\/ -->\n<title>Fil d\u2019actualit\u00e9 - Journ\u00e9e qu\u00e9becoise du steam\u00e9<\/title>\n<meta name=\"robots\" content=\"index, follow, max-snippet:-1, max-image-preview:large, max-video-preview:-1\" \/>\n<link rel=\"canonical\" href=\"https:\/\/journeequebecoisedusteame.com\/en\/fil-dactualite\/\" \/>\n<meta property=\"og:locale\" content=\"en_US\" \/>\n<meta property=\"og:type\" content=\"article\" \/>\n<meta property=\"og:title\" content=\"Fil d\u2019actualit\u00e9 - Journ\u00e9e qu\u00e9becoise du steam\u00e9\" \/>\n<meta property=\"og:description\" content=\"[aiovg_videos limit=\u00a0\u00bb20&Prime; show_count=\u00a0\u00bb1&Prime; show_user=\u00a0\u00bb1&Prime; show_likes=\u00a0\u00bb1&Prime; show_dislikes=\u00a0\u00bb1&Prime; show_comments=\u00a0\u00bb1&Prime; show_excerpt=\u00a0\u00bb1&Prime;] https:\/\/www.facebook.com\/reel\/1906792533303223\/?__cft__%5B0%5D=AZa9XAPpQhBnhOaAXMJQVZULmtRBVizAwLdBflK1DrayhHcHevUOkI-HGNFuIXUuQFIJAowR4e4kq4-Yv46FbTOvQ0CT_0qc_RrsCgbykLDZC55Onxl5UpwBx5fVYDsec35blKaQBK2zR7V2wqdd1zrU5_PxYQ6AXq3tKmsaPowsxazdHMyjdvBcbhP1dzMywbIeL68KNiTMTxBXOya3x4_A&#038;__tn__=%2CO%2CP-R\" \/>\n<meta property=\"og:url\" content=\"https:\/\/journeequebecoisedusteame.com\/en\/fil-dactualite\/\" \/>\n<meta property=\"og:site_name\" content=\"Journ\u00e9e qu\u00e9becoise du steam\u00e9\" \/>\n<meta property=\"article:modified_time\" content=\"2026-04-20T05:01:46+00:00\" \/>\n<meta name=\"twitter:card\" content=\"summary_large_image\" \/>\n<meta name=\"twitter:label1\" content=\"Est. reading time\" \/>\n\t<meta name=\"twitter:data1\" content=\"1 minute\" \/>\n<script type=\"application\/ld+json\" class=\"yoast-schema-graph\">{\"@context\":\"https:\\\/\\\/schema.org\",\"@graph\":[{\"@type\":\"WebPage\",\"@id\":\"https:\\\/\\\/journeequebecoisedusteame.com\\\/fil-dactualite\\\/\",\"url\":\"https:\\\/\\\/journeequebecoisedusteame.com\\\/fil-dactualite\\\/\",\"name\":\"Fil d\u2019actualit\u00e9 - Journ\u00e9e qu\u00e9becoise du steam\u00e9\",\"isPartOf\":{\"@id\":\"https:\\\/\\\/journeequebecoisedusteame.com\\\/#website\"},\"datePublished\":\"2026-04-20T03:52:40+00:00\",\"dateModified\":\"2026-04-20T05:01:46+00:00\",\"breadcrumb\":{\"@id\":\"https:\\\/\\\/journeequebecoisedusteame.com\\\/fil-dactualite\\\/#breadcrumb\"},\"inLanguage\":\"en-CA\",\"potentialAction\":[{\"@type\":\"ReadAction\",\"target\":[\"https:\\\/\\\/journeequebecoisedusteame.com\\\/fil-dactualite\\\/\"]}]},{\"@type\":\"BreadcrumbList\",\"@id\":\"https:\\\/\\\/journeequebecoisedusteame.com\\\/fil-dactualite\\\/#breadcrumb\",\"itemListElement\":[{\"@type\":\"ListItem\",\"position\":1,\"name\":\"Home\",\"item\":\"https:\\\/\\\/journeequebecoisedusteame.com\\\/\"},{\"@type\":\"ListItem\",\"position\":2,\"name\":\"Fil d\u2019actualit\u00e9\"}]},{\"@type\":\"WebSite\",\"@id\":\"https:\\\/\\\/journeequebecoisedusteame.com\\\/#website\",\"url\":\"https:\\\/\\\/journeequebecoisedusteame.com\\\/\",\"name\":\"Journ\u00e9e qu\u00e9b\u00e9coise du steam\u00e9\",\"description\":\"Fier supporteur de Math Duff en cette journ\u00e9e qu\u00e9b\u00e9coise du steam\u00e9!\",\"alternateName\":\"6 mai - JQDS\",\"potentialAction\":[{\"@type\":\"SearchAction\",\"target\":{\"@type\":\"EntryPoint\",\"urlTemplate\":\"https:\\\/\\\/journeequebecoisedusteame.com\\\/?s={search_term_string}\"},\"query-input\":{\"@type\":\"PropertyValueSpecification\",\"valueRequired\":true,\"valueName\":\"search_term_string\"}}],\"inLanguage\":\"en-CA\"}]}<\/script>\n<!-- \/ Yoast SEO plugin. -->","yoast_head_json":{"title":"Fil d\u2019actualit\u00e9 - Journ\u00e9e qu\u00e9becoise du steam\u00e9","robots":{"index":"index","follow":"follow","max-snippet":"max-snippet:-1","max-image-preview":"max-image-preview:large","max-video-preview":"max-video-preview:-1"},"canonical":"https:\/\/journeequebecoisedusteame.com\/en\/fil-dactualite\/","og_locale":"en_US","og_type":"article","og_title":"Fil d\u2019actualit\u00e9 - Journ\u00e9e qu\u00e9becoise du steam\u00e9","og_description":"[aiovg_videos limit=\u00a0\u00bb20&Prime; show_count=\u00a0\u00bb1&Prime; show_user=\u00a0\u00bb1&Prime; show_likes=\u00a0\u00bb1&Prime; show_dislikes=\u00a0\u00bb1&Prime; show_comments=\u00a0\u00bb1&Prime; show_excerpt=\u00a0\u00bb1&Prime;] https:\/\/www.facebook.com\/reel\/1906792533303223\/?__cft__%5B0%5D=AZa9XAPpQhBnhOaAXMJQVZULmtRBVizAwLdBflK1DrayhHcHevUOkI-HGNFuIXUuQFIJAowR4e4kq4-Yv46FbTOvQ0CT_0qc_RrsCgbykLDZC55Onxl5UpwBx5fVYDsec35blKaQBK2zR7V2wqdd1zrU5_PxYQ6AXq3tKmsaPowsxazdHMyjdvBcbhP1dzMywbIeL68KNiTMTxBXOya3x4_A&#038;__tn__=%2CO%2CP-R","og_url":"https:\/\/journeequebecoisedusteame.com\/en\/fil-dactualite\/","og_site_name":"Journ\u00e9e qu\u00e9becoise du steam\u00e9","article_modified_time":"2026-04-20T05:01:46+00:00","twitter_card":"summary_large_image","twitter_misc":{"Est. reading time":"1 minute"},"schema":{"@context":"https:\/\/schema.org","@graph":[{"@type":"WebPage","@id":"https:\/\/journeequebecoisedusteame.com\/fil-dactualite\/","url":"https:\/\/journeequebecoisedusteame.com\/fil-dactualite\/","name":"Fil d\u2019actualit\u00e9 - Journ\u00e9e qu\u00e9becoise du steam\u00e9","isPartOf":{"@id":"https:\/\/journeequebecoisedusteame.com\/#website"},"datePublished":"2026-04-20T03:52:40+00:00","dateModified":"2026-04-20T05:01:46+00:00","breadcrumb":{"@id":"https:\/\/journeequebecoisedusteame.com\/fil-dactualite\/#breadcrumb"},"inLanguage":"en-CA","potentialAction":[{"@type":"ReadAction","target":["https:\/\/journeequebecoisedusteame.com\/fil-dactualite\/"]}]},{"@type":"BreadcrumbList","@id":"https:\/\/journeequebecoisedusteame.com\/fil-dactualite\/#breadcrumb","itemListElement":[{"@type":"ListItem","position":1,"name":"Home","item":"https:\/\/journeequebecoisedusteame.com\/"},{"@type":"ListItem","position":2,"name":"Fil d\u2019actualit\u00e9"}]},{"@type":"WebSite","@id":"https:\/\/journeequebecoisedusteame.com\/#website","url":"https:\/\/journeequebecoisedusteame.com\/","name":"Quebec Steamed Day","description":"Proud supporter of Math Duff on this Quebec steamed day!","alternateName":"6 mai - JQDS","potentialAction":[{"@type":"SearchAction","target":{"@type":"EntryPoint","urlTemplate":"https:\/\/journeequebecoisedusteame.com\/?s={search_term_string}"},"query-input":{"@type":"PropertyValueSpecification","valueRequired":true,"valueName":"search_term_string"}}],"inLanguage":"en-CA"}]}},"_links":{"self":[{"href":"https:\/\/journeequebecoisedusteame.com\/en\/wp-json\/wp\/v2\/pages\/112442","targetHints":{"allow":["GET"]}}],"collection":[{"href":"https:\/\/journeequebecoisedusteame.com\/en\/wp-json\/wp\/v2\/pages"}],"about":[{"href":"https:\/\/journeequebecoisedusteame.com\/en\/wp-json\/wp\/v2\/types\/page"}],"author":[{"embeddable":true,"href":"https:\/\/journeequebecoisedusteame.com\/en\/wp-json\/wp\/v2\/users\/1"}],"replies":[{"embeddable":true,"href":"https:\/\/journeequebecoisedusteame.com\/en\/wp-json\/wp\/v2\/comments?post=112442"}],"version-history":[{"count":10,"href":"https:\/\/journeequebecoisedusteame.com\/en\/wp-json\/wp\/v2\/pages\/112442\/revisions"}],"predecessor-version":[{"id":112468,"href":"https:\/\/journeequebecoisedusteame.com\/en\/wp-json\/wp\/v2\/pages\/112442\/revisions\/112468"}],"wp:attachment":[{"href":"https:\/\/journeequebecoisedusteame.com\/en\/wp-json\/wp\/v2\/media?parent=112442"}],"curies":[{"name":"wp","href":"https:\/\/api.w.org\/{rel}","templated":true}]}}